{"id":12,"date":"2024-08-07T06:58:01","date_gmt":"2024-08-07T06:58:01","guid":{"rendered":"https:\/\/themewant.com\/products\/wordpress\/nathan-dark\/?page_id=12"},"modified":"2025-12-22T16:09:02","modified_gmt":"2025-12-22T19:09:02","slug":"inicio","status":"publish","type":"page","link":"https:\/\/va-sa.com\/","title":{"rendered":"Felipe Vasquez"},"content":{"rendered":"\t\t<div data-elementor-type=\"wp-page\" data-elementor-id=\"12\" class=\"elementor elementor-12\">\n\t\t\t\t<div class=\"elementor-element elementor-element-e40aeaf e-con-full e-flex rt-default-class e-con e-parent\" data-id=\"e40aeaf\" data-element_type=\"container\">\n\t\t<div class=\"elementor-element elementor-element-d63f524 e-con-full e-flex rt-default-class elementor-invisible e-con e-child\" data-id=\"d63f524\" data-element_type=\"container\" data-settings=\"{&quot;animation&quot;:&quot;fadeInRight&quot;}\">\n\t\t<div class=\"elementor-element elementor-element-4ced3e4 e-con-full rt-primary-bg e-flex e-con e-child\" data-id=\"4ced3e4\" data-element_type=\"container\">\n\t\t\t\t<div class=\"elementor-element elementor-element-0cfd647 rt-default-class elementor-widget elementor-widget-heading\" data-id=\"0cfd647\" data-element_type=\"widget\" data-widget_type=\"heading.default\">\n\t\t\t\t\t<span class=\"elementor-heading-title elementor-size-default\">\u00faltimas Colaboraciones<\/span>\t\t\t\t<\/div>\n\t\t\t\t<div class=\"elementor-element elementor-element-e9af095 rt-default-class elementor-widget elementor-widget-heading\" data-id=\"e9af095\" data-element_type=\"widget\" data-widget_type=\"heading.default\">\n\t\t\t\t\t<h2 class=\"elementor-heading-title elementor-size-default\">Tu negocio est\u00e1 listo para crecer. \nAqu\u00ed sabemos c\u00f3mo impulsarlo<\/h2>\t\t\t\t<\/div>\n\t\t\t\t<\/div>\n\t\t<div class=\"elementor-element elementor-element-ba25f49 e-con-full e-flex rt-default-class e-con e-child\" data-id=\"ba25f49\" data-element_type=\"container\">\n\t\t\t\t<div class=\"elementor-element elementor-element-e173126 rt-default-class elementor-widget elementor-widget-rt-portfolio-grid\" data-id=\"e173126\" data-element_type=\"widget\" data-widget_type=\"rt-portfolio-grid.default\">\n\t\t\t\t<div class=\"elementor-widget-container\">\n\t\t\t\t\t\r\n\t<div class=\"rt-portfolio style2 grid-portfolio\">\r\n\t\t<div class=\"grid\">\r\n\t\t\t<div class=\"row\">\r\n\t\t\t\t<div class=\"col-lg-6 col-md-6 col-xs-1 grid-item\">\r\n    <div class=\"portfolio-item overflow-hidden\">\r\n        <div class=\"hover relative overflow-hidden\">  \r\n            <a href=\"https:\/\/va-sa.com\/index.php\/rt-portfolios\/scotiabank-area-de-seguros\/\" class=\"overflow-hidden d-block relative \">\r\n                                    <img fetchpriority=\"high\" decoding=\"async\" width=\"898\" height=\"700\" src=\"https:\/\/va-sa.com\/wp-content\/uploads\/2025\/08\/Scotiabank-SEGUROS.png\" class=\"attachment-full size-full wp-post-image\" alt=\"\" srcset=\"https:\/\/va-sa.com\/wp-content\/uploads\/2025\/08\/Scotiabank-SEGUROS.png 898w, https:\/\/va-sa.com\/wp-content\/uploads\/2025\/08\/Scotiabank-SEGUROS-300x234.png 300w, https:\/\/va-sa.com\/wp-content\/uploads\/2025\/08\/Scotiabank-SEGUROS-768x599.png 768w\" sizes=\"(max-width: 898px) 100vw, 898px\" \/>                            <\/a>\r\n            <div class=\"p-4 d-flex justify-content-between align-items-center\" >\r\n                <div >\r\n                                            <h3 class=\"item-title\">Scotiabank \u00c1rea de Seguros<\/h3>\r\n                    \t\r\n                    <span class=\"item-cat\">Banca, Optimizaci\u00f3n de sitios web, Web<\/span>\r\n                <\/div>\r\n                <div class=\"item-date\">2023<\/div>\r\n            <\/div>\r\n        <\/div>\r\n    <\/div>\r\n<\/div><div class=\"col-lg-6 col-md-6 col-xs-1 grid-item\">\r\n    <div class=\"portfolio-item overflow-hidden\">\r\n        <div class=\"hover relative overflow-hidden\">  \r\n            <a href=\"https:\/\/va-sa.com\/index.php\/rt-portfolios\/adidas\/\" class=\"overflow-hidden d-block relative \">\r\n                                    <img decoding=\"async\" width=\"898\" height=\"700\" src=\"https:\/\/va-sa.com\/wp-content\/uploads\/2024\/08\/Falabella-Retail-CX.png\" class=\"attachment-full size-full wp-post-image\" alt=\"\" srcset=\"https:\/\/va-sa.com\/wp-content\/uploads\/2024\/08\/Falabella-Retail-CX.png 898w, https:\/\/va-sa.com\/wp-content\/uploads\/2024\/08\/Falabella-Retail-CX-300x234.png 300w, https:\/\/va-sa.com\/wp-content\/uploads\/2024\/08\/Falabella-Retail-CX-768x599.png 768w\" sizes=\"(max-width: 898px) 100vw, 898px\" \/>                            <\/a>\r\n            <div class=\"p-4 d-flex justify-content-between align-items-center\" >\r\n                <div >\r\n                                            <h3 class=\"item-title\">Secci\u00f3n en Tienda Falabella Retail<\/h3>\r\n                    \t\r\n                    <span class=\"item-cat\">App<\/span>\r\n                <\/div>\r\n                <div class=\"item-date\">2023<\/div>\r\n            <\/div>\r\n        <\/div>\r\n    <\/div>\r\n<\/div><div class=\"col-lg-6 col-md-6 col-xs-1 grid-item\">\r\n    <div class=\"portfolio-item overflow-hidden\">\r\n        <div class=\"hover relative overflow-hidden\">  \r\n            <a href=\"https:\/\/va-sa.com\/index.php\/rt-portfolios\/scotiabank-2019\/\" class=\"overflow-hidden d-block relative \">\r\n                                    <img decoding=\"async\" width=\"898\" height=\"700\" src=\"https:\/\/va-sa.com\/wp-content\/uploads\/2024\/08\/Scotiabank-UX-TEAM.png\" class=\"attachment-full size-full wp-post-image\" alt=\"\" srcset=\"https:\/\/va-sa.com\/wp-content\/uploads\/2024\/08\/Scotiabank-UX-TEAM.png 898w, https:\/\/va-sa.com\/wp-content\/uploads\/2024\/08\/Scotiabank-UX-TEAM-300x234.png 300w, https:\/\/va-sa.com\/wp-content\/uploads\/2024\/08\/Scotiabank-UX-TEAM-768x599.png 768w\" sizes=\"(max-width: 898px) 100vw, 898px\" \/>                            <\/a>\r\n            <div class=\"p-4 d-flex justify-content-between align-items-center\" >\r\n                <div >\r\n                                            <h3 class=\"item-title\">F\u00e1brica Digital de Scotiabank<\/h3>\r\n                    \t\r\n                    <span class=\"item-cat\">Dise\u00f1o de sitios web personalizados, Optimizaci\u00f3n de sitios web, Web<\/span>\r\n                <\/div>\r\n                <div class=\"item-date\">2019<\/div>\r\n            <\/div>\r\n        <\/div>\r\n    <\/div>\r\n<\/div><div class=\"col-lg-6 col-md-6 col-xs-1 grid-item\">\r\n    <div class=\"portfolio-item overflow-hidden\">\r\n        <div class=\"hover relative overflow-hidden\">  \r\n            <a href=\"https:\/\/va-sa.com\/index.php\/rt-portfolios\/growth-hacking\/\" class=\"overflow-hidden d-block relative \">\r\n                                    <img loading=\"lazy\" decoding=\"async\" width=\"898\" height=\"700\" src=\"https:\/\/va-sa.com\/wp-content\/uploads\/2024\/08\/tdk.png\" class=\"attachment-full size-full wp-post-image\" alt=\"\" srcset=\"https:\/\/va-sa.com\/wp-content\/uploads\/2024\/08\/tdk.png 898w, https:\/\/va-sa.com\/wp-content\/uploads\/2024\/08\/tdk-300x234.png 300w, https:\/\/va-sa.com\/wp-content\/uploads\/2024\/08\/tdk-768x599.png 768w\" sizes=\"(max-width: 898px) 100vw, 898px\" \/>                            <\/a>\r\n            <div class=\"p-4 d-flex justify-content-between align-items-center\" >\r\n                <div >\r\n                                            <h3 class=\"item-title\">Consultor\u00eda para Transbank<\/h3>\r\n                    \t\r\n                    <span class=\"item-cat\">Banca, Optimizaci\u00f3n de sitios web, Web<\/span>\r\n                <\/div>\r\n                <div class=\"item-date\">2022<\/div>\r\n            <\/div>\r\n        <\/div>\r\n    <\/div>\r\n<\/div>\t\t\t<\/div>\r\n\t\t<\/div>\r\n\t<\/div>\r\n\r\n\t\t\t\t\t<\/div>\n\t\t\t\t<\/div>\n\t\t\t\t<\/div>\n\t\t\t\t<\/div>\n\t\t\t\t<\/div>\n\t\t<div class=\"elementor-element elementor-element-b70c8a9 e-con-full e-flex rt-default-class e-con e-parent\" data-id=\"b70c8a9\" data-element_type=\"container\">\n\t\t<div class=\"elementor-element elementor-element-d61dcf9 e-con-full e-flex rt-default-class e-con e-child\" data-id=\"d61dcf9\" data-element_type=\"container\">\n\t\t\t\t<div class=\"elementor-element elementor-element-82759b5 elementor-widget__width-initial rt-default-class elementor-invisible elementor-widget elementor-widget-heading\" data-id=\"82759b5\" data-element_type=\"widget\" data-settings=\"{&quot;_animation&quot;:&quot;fadeInUp&quot;}\" data-widget_type=\"heading.default\">\n\t\t\t\t\t<h2 class=\"elementor-heading-title elementor-size-default\">Dise\u00f1ando experiencias memorables desde 2012<\/h2>\t\t\t\t<\/div>\n\t\t\t\t<div class=\"elementor-element elementor-element-f6ac143 elementor-widget__width-initial rt-default-class elementor-invisible elementor-widget elementor-widget-text-editor\" data-id=\"f6ac143\" data-element_type=\"widget\" data-settings=\"{&quot;_animation&quot;:&quot;fadeInUp&quot;}\" data-widget_type=\"text-editor.default\">\n\t\t\t\t\t\t\t\t\t<p class=\"chakra-text css-1ltj640\">Mi camino hacia el dise\u00f1o web y app comenz\u00f3 con una fascinaci\u00f3n por el dise\u00f1o y la tecnolog\u00eda, lo que me motiv\u00f3 a buscar una profesi\u00f3n que permitiera integrar ambas disciplinas de forma perfecta.<\/p>\t\t\t\t\t\t\t\t<\/div>\n\t\t\t\t<\/div>\n\t\t<div class=\"elementor-element elementor-element-dd18747 e-con-full e-flex rt-default-class e-con e-child\" data-id=\"dd18747\" data-element_type=\"container\">\n\t\t<div class=\"elementor-element elementor-element-7dac70f e-con-full e-flex rt-default-class e-con e-child\" data-id=\"7dac70f\" data-element_type=\"container\">\n\t\t\t\t<div class=\"elementor-element elementor-element-932293e rt-default-class elementor-widget elementor-widget-rt-react-image\" data-id=\"932293e\" data-element_type=\"widget\" data-widget_type=\"rt-react-image.default\">\n\t\t\t\t<div class=\"elementor-widget-container\">\n\t\t\t\t\t                    <div data-jarallax class=\"react-jarallax-img jarallax react-image\">\n                                    <img decoding=\"async\" class=\"jarallax-img \" src=\"https:\/\/va-sa.com\/wp-content\/uploads\/2025\/12\/IMG_2844.jpg\"\/>\n                            <\/div>\n                   \n    \t\t\t\t<\/div>\n\t\t\t\t<\/div>\n\t\t\t\t<\/div>\n\t\t<div class=\"elementor-element elementor-element-36ee45b e-con-full rt-primary-bg e-flex elementor-invisible e-con e-child\" data-id=\"36ee45b\" data-element_type=\"container\" data-settings=\"{&quot;animation&quot;:&quot;fadeInUp&quot;}\">\n\t\t\t\t<div class=\"elementor-element elementor-element-75f438e rt-default-class elementor-widget elementor-widget-heading\" data-id=\"75f438e\" data-element_type=\"widget\" data-widget_type=\"heading.default\">\n\t\t\t\t\t<span class=\"elementor-heading-title elementor-size-default\"><a href=\"#\">Acerca de m\u00ed<\/a><\/span>\t\t\t\t<\/div>\n\t\t\t\t<div class=\"elementor-element elementor-element-e3965d4 rt-default-class elementor-widget elementor-widget-heading\" data-id=\"e3965d4\" data-element_type=\"widget\" data-widget_type=\"heading.default\">\n\t\t\t\t\t<h2 class=\"elementor-heading-title elementor-size-default\">Estoy aqu\u00ed para ayudarte a potenciar tus productos digitales.<\/h2>\t\t\t\t<\/div>\n\t\t\t\t<\/div>\n\t\t\t\t<\/div>\n\t\t<div class=\"elementor-element elementor-element-f5e5ce3 e-con-full e-flex rt-default-class e-con e-child\" data-id=\"f5e5ce3\" data-element_type=\"container\">\n\t\t\t\t<div class=\"elementor-element elementor-element-fd5ea13 elementor-widget__width-initial rt-default-class elementor-invisible elementor-widget elementor-widget-counter\" data-id=\"fd5ea13\" data-element_type=\"widget\" data-settings=\"{&quot;_animation&quot;:&quot;fadeInRight&quot;,&quot;_animation_delay&quot;:500}\" data-widget_type=\"counter.default\">\n\t\t\t\t\t\t\t<div class=\"elementor-counter\">\n\t\t\t<p class=\"elementor-counter-title\">Horas de trabajo<\/p>\t\t\t<div class=\"elementor-counter-number-wrapper\">\n\t\t\t\t<span class=\"elementor-counter-number-prefix\"><\/span>\n\t\t\t\t<span class=\"elementor-counter-number\" data-duration=\"2000\" data-to-value=\"3650\" data-from-value=\"0\">0<\/span>\n\t\t\t\t<span class=\"elementor-counter-number-suffix\"><\/span>\n\t\t\t<\/div>\n\t\t<\/div>\n\t\t\t\t\t\t<\/div>\n\t\t\t\t<div class=\"elementor-element elementor-element-4c858d5 elementor-widget__width-initial rt-default-class elementor-invisible elementor-widget elementor-widget-counter\" data-id=\"4c858d5\" data-element_type=\"widget\" data-settings=\"{&quot;_animation&quot;:&quot;fadeInRight&quot;,&quot;_animation_delay&quot;:1000}\" data-widget_type=\"counter.default\">\n\t\t\t\t\t\t\t<div class=\"elementor-counter\">\n\t\t\t<p class=\"elementor-counter-title\">Proyectos Realizados<\/p>\t\t\t<div class=\"elementor-counter-number-wrapper\">\n\t\t\t\t<span class=\"elementor-counter-number-prefix\">+ <\/span>\n\t\t\t\t<span class=\"elementor-counter-number\" data-duration=\"2000\" data-to-value=\"20\" data-from-value=\"0\">0<\/span>\n\t\t\t\t<span class=\"elementor-counter-number-suffix\"><\/span>\n\t\t\t<\/div>\n\t\t<\/div>\n\t\t\t\t\t\t<\/div>\n\t\t\t\t<div class=\"elementor-element elementor-element-a92ddb5 elementor-widget__width-initial rt-default-class elementor-invisible elementor-widget elementor-widget-counter\" data-id=\"a92ddb5\" data-element_type=\"widget\" data-settings=\"{&quot;_animation&quot;:&quot;fadeInRight&quot;,&quot;_animation_delay&quot;:1500}\" data-widget_type=\"counter.default\">\n\t\t\t\t\t\t\t<div class=\"elementor-counter\">\n\t\t\t<p class=\"elementor-counter-title\">A\u00f1os en UX<\/p>\t\t\t<div class=\"elementor-counter-number-wrapper\">\n\t\t\t\t<span class=\"elementor-counter-number-prefix\"><\/span>\n\t\t\t\t<span class=\"elementor-counter-number\" data-duration=\"2000\" data-to-value=\"9\" data-from-value=\"0\">0<\/span>\n\t\t\t\t<span class=\"elementor-counter-number-suffix\"><\/span>\n\t\t\t<\/div>\n\t\t<\/div>\n\t\t\t\t\t\t<\/div>\n\t\t\t\t<div class=\"elementor-element elementor-element-cfd1847 elementor-widget__width-initial rt-default-class elementor-invisible elementor-widget elementor-widget-counter\" data-id=\"cfd1847\" data-element_type=\"widget\" data-settings=\"{&quot;_animation&quot;:&quot;fadeInRight&quot;,&quot;_animation_delay&quot;:2000}\" data-widget_type=\"counter.default\">\n\t\t\t\t\t\t\t<div class=\"elementor-counter\">\n\t\t\t<p class=\"elementor-counter-title\">A\u00f1os en UI<\/p>\t\t\t<div class=\"elementor-counter-number-wrapper\">\n\t\t\t\t<span class=\"elementor-counter-number-prefix\"><\/span>\n\t\t\t\t<span class=\"elementor-counter-number\" data-duration=\"2000\" data-to-value=\"10\" data-from-value=\"0\">0<\/span>\n\t\t\t\t<span class=\"elementor-counter-number-suffix\"> <\/span>\n\t\t\t<\/div>\n\t\t<\/div>\n\t\t\t\t\t\t<\/div>\n\t\t\t\t<\/div>\n\t\t\t\t<\/div>\n\t\t\t\t<\/div>\n\t\t","protected":false},"excerpt":{"rendered":"<p>\u00faltimas Colaboraciones Tu negocio est\u00e1 listo para crecer. Aqu\u00ed sabemos c\u00f3mo impulsarlo Dise\u00f1o de Marca y Web: DigitalizaPRO Dise\u00f1o de sitios web personalizados, Web 2025 Scotiabank \u00c1rea de Seguros Banca, Optimizaci\u00f3n de sitios web, Web 2023 Secci\u00f3n en Tienda Falabella Retail App 2023 F\u00e1brica Digital de Scotiabank Dise\u00f1o de sitios web personalizados, Optimizaci\u00f3n de sitios&#8230;<\/p>\n","protected":false},"author":1,"featured_media":0,"parent":0,"menu_order":0,"comment_status":"closed","ping_status":"closed","template":"elementor_header_footer","meta":{"footnotes":""},"class_list":["post-12","page","type-page","status-publish","hentry"],"_links":{"self":[{"href":"https:\/\/va-sa.com\/index.php\/wp-json\/wp\/v2\/pages\/12","targetHints":{"allow":["GET"]}}],"collection":[{"href":"https:\/\/va-sa.com\/index.php\/wp-json\/wp\/v2\/pages"}],"about":[{"href":"https:\/\/va-sa.com\/index.php\/wp-json\/wp\/v2\/types\/page"}],"author":[{"embeddable":true,"href":"https:\/\/va-sa.com\/index.php\/wp-json\/wp\/v2\/users\/1"}],"replies":[{"embeddable":true,"href":"https:\/\/va-sa.com\/index.php\/wp-json\/wp\/v2\/comments?post=12"}],"version-history":[{"count":59,"href":"https:\/\/va-sa.com\/index.php\/wp-json\/wp\/v2\/pages\/12\/revisions"}],"predecessor-version":[{"id":1313,"href":"https:\/\/va-sa.com\/index.php\/wp-json\/wp\/v2\/pages\/12\/revisions\/1313"}],"wp:attachment":[{"href":"https:\/\/va-sa.com\/index.php\/wp-json\/wp\/v2\/media?parent=12"}],"curies":[{"name":"wp","href":"https:\/\/api.w.org\/{rel}","templated":true}]}}