{"id":423,"date":"2024-08-12T06:59:22","date_gmt":"2024-08-12T06:59:22","guid":{"rendered":"https:\/\/themewant.com\/products\/wordpress\/nathan-dark\/?page_id=423"},"modified":"2025-09-03T00:16:47","modified_gmt":"2025-09-03T03:16:47","slug":"habilidades","status":"publish","type":"page","link":"https:\/\/va-sa.com\/index.php\/habilidades\/","title":{"rendered":"Habilidades"},"content":{"rendered":"\t\t<div data-elementor-type=\"wp-page\" data-elementor-id=\"423\" class=\"elementor elementor-423\">\n\t\t\t\t<div class=\"elementor-element elementor-element-747d6f0 e-con-full e-flex rt-default-class e-con e-parent\" data-id=\"747d6f0\" data-element_type=\"container\">\n\t\t<div class=\"elementor-element elementor-element-926b01a e-grid e-con-full rt-default-class e-con e-child\" data-id=\"926b01a\" data-element_type=\"container\">\n\t\t<div class=\"elementor-element elementor-element-ddac9f1 e-con-full rt-primary-bg e-flex elementor-invisible e-con e-child\" data-id=\"ddac9f1\" data-element_type=\"container\" data-settings=\"{&quot;animation&quot;:&quot;fadeInUp&quot;}\">\n\t\t\t\t<div class=\"elementor-element elementor-element-b4cdee7 elementor-widget__width-initial elementor-widget-tablet__width-inherit rt-default-class elementor-invisible elementor-widget elementor-widget-heading\" data-id=\"b4cdee7\" data-element_type=\"widget\" data-settings=\"{&quot;_animation&quot;:&quot;fadeInUp&quot;}\" data-widget_type=\"heading.default\">\n\t\t\t\t\t<h3 class=\"elementor-heading-title elementor-size-default\">Branding<\/h3>\t\t\t\t<\/div>\n\t\t\t\t<div class=\"elementor-element elementor-element-4af9158 elementor-widget__width-initial elementor-widget-tablet__width-inherit rt-default-class elementor-widget elementor-widget-heading\" data-id=\"4af9158\" data-element_type=\"widget\" data-widget_type=\"heading.default\">\n\t\t\t\t\t<p class=\"elementor-heading-title elementor-size-default\">Fortalece tu marca con una identidad visual \u00fanica.<\/p>\t\t\t\t<\/div>\n\t\t\t\t<\/div>\n\t\t<div class=\"elementor-element elementor-element-558778e e-con-full rt-primary-bg e-flex elementor-invisible e-con e-child\" data-id=\"558778e\" data-element_type=\"container\" data-settings=\"{&quot;animation&quot;:&quot;fadeInUp&quot;}\">\n\t\t\t\t<div class=\"elementor-element elementor-element-8961b96 elementor-widget__width-initial elementor-widget-tablet__width-inherit rt-default-class elementor-invisible elementor-widget elementor-widget-heading\" data-id=\"8961b96\" data-element_type=\"widget\" data-settings=\"{&quot;_animation&quot;:&quot;fadeInUp&quot;}\" data-widget_type=\"heading.default\">\n\t\t\t\t\t<h3 class=\"elementor-heading-title elementor-size-default\">UX\/UI<\/h3>\t\t\t\t<\/div>\n\t\t\t\t<div class=\"elementor-element elementor-element-9fc57e8 elementor-widget__width-initial elementor-widget-tablet__width-inherit rt-default-class elementor-widget elementor-widget-heading\" data-id=\"9fc57e8\" data-element_type=\"widget\" data-widget_type=\"heading.default\">\n\t\t\t\t\t<p class=\"elementor-heading-title elementor-size-default\">Transforma la experiencia de tus usuarios con dise\u00f1os intuitivos y visualmente atractivos.<\/p>\t\t\t\t<\/div>\n\t\t\t\t<\/div>\n\t\t<div class=\"elementor-element elementor-element-7e1a36a e-con-full rt-primary-bg e-flex elementor-invisible e-con e-child\" data-id=\"7e1a36a\" data-element_type=\"container\" data-settings=\"{&quot;animation&quot;:&quot;fadeInUp&quot;}\">\n\t\t\t\t<div class=\"elementor-element elementor-element-2e70e2a elementor-widget__width-initial elementor-widget-tablet__width-inherit rt-default-class elementor-invisible elementor-widget elementor-widget-heading\" data-id=\"2e70e2a\" data-element_type=\"widget\" data-settings=\"{&quot;_animation&quot;:&quot;fadeInUp&quot;}\" data-widget_type=\"heading.default\">\n\t\t\t\t\t<h3 class=\"elementor-heading-title elementor-size-default\">Desarrollo Web<\/h3>\t\t\t\t<\/div>\n\t\t\t\t<div class=\"elementor-element elementor-element-09a43ab elementor-widget__width-initial elementor-widget-tablet__width-inherit rt-default-class elementor-widget elementor-widget-heading\" data-id=\"09a43ab\" data-element_type=\"widget\" data-widget_type=\"heading.default\">\n\t\t\t\t\t<p class=\"elementor-heading-title elementor-size-default\">Creaci\u00f3n de sitios web auto administrables y personalizados para diversos negocios utilizando WordPress.<\/p>\t\t\t\t<\/div>\n\t\t\t\t<\/div>\n\t\t<div class=\"elementor-element elementor-element-bac4481 e-con-full rt-primary-bg e-flex elementor-invisible e-con e-child\" data-id=\"bac4481\" data-element_type=\"container\" data-settings=\"{&quot;animation&quot;:&quot;fadeInUp&quot;}\">\n\t\t\t\t<div class=\"elementor-element elementor-element-9390a92 elementor-widget__width-initial elementor-widget-tablet__width-inherit rt-default-class elementor-invisible elementor-widget elementor-widget-heading\" data-id=\"9390a92\" data-element_type=\"widget\" data-settings=\"{&quot;_animation&quot;:&quot;fadeInUp&quot;}\" data-widget_type=\"heading.default\">\n\t\t\t\t\t<h3 class=\"elementor-heading-title elementor-size-default\">Influencers Sint\u00e9ticos<\/h3>\t\t\t\t<\/div>\n\t\t\t\t<div class=\"elementor-element elementor-element-2945440 elementor-widget__width-initial elementor-widget-tablet__width-inherit rt-default-class elementor-widget elementor-widget-heading\" data-id=\"2945440\" data-element_type=\"widget\" data-widget_type=\"heading.default\">\n\t\t\t\t\t<p class=\"elementor-heading-title elementor-size-default\">Conecta con tu audiencia de manera innovadora mediante influencers virtuales.<\/p>\t\t\t\t<\/div>\n\t\t\t\t<\/div>\n\t\t<div class=\"elementor-element elementor-element-df8f370 e-con-full rt-primary-bg e-flex elementor-invisible e-con e-child\" data-id=\"df8f370\" data-element_type=\"container\" data-settings=\"{&quot;animation&quot;:&quot;fadeInUp&quot;}\">\n\t\t\t\t<div class=\"elementor-element elementor-element-1d4df65 elementor-widget__width-initial elementor-widget-tablet__width-inherit rt-default-class elementor-invisible elementor-widget elementor-widget-heading\" data-id=\"1d4df65\" data-element_type=\"widget\" data-settings=\"{&quot;_animation&quot;:&quot;fadeInUp&quot;}\" data-widget_type=\"heading.default\">\n\t\t\t\t\t<h3 class=\"elementor-heading-title elementor-size-default\">Auditor\u00edas de sitios web<\/h3>\t\t\t\t<\/div>\n\t\t\t\t<div class=\"elementor-element elementor-element-e944145 elementor-widget__width-initial elementor-widget-tablet__width-inherit rt-default-class elementor-widget elementor-widget-heading\" data-id=\"e944145\" data-element_type=\"widget\" data-widget_type=\"heading.default\">\n\t\t\t\t\t<p class=\"elementor-heading-title elementor-size-default\">Mejora el rendimiento de tu sitio web con una auditor\u00eda detallada.<\/p>\t\t\t\t<\/div>\n\t\t\t\t<\/div>\n\t\t<div class=\"elementor-element elementor-element-e532d88 e-con-full rt-primary-bg e-flex elementor-invisible e-con e-child\" data-id=\"e532d88\" data-element_type=\"container\" data-settings=\"{&quot;animation&quot;:&quot;fadeInUp&quot;}\">\n\t\t\t\t<div class=\"elementor-element elementor-element-6bfe903 elementor-widget__width-initial elementor-widget-tablet__width-inherit rt-default-class elementor-invisible elementor-widget elementor-widget-heading\" data-id=\"6bfe903\" data-element_type=\"widget\" data-settings=\"{&quot;_animation&quot;:&quot;fadeInUp&quot;}\" data-widget_type=\"heading.default\">\n\t\t\t\t\t<h3 class=\"elementor-heading-title elementor-size-default\">Creaci\u00f3n y estrategia de contenido impulsada por IA<\/h3>\t\t\t\t<\/div>\n\t\t\t\t<div class=\"elementor-element elementor-element-9f1c8e2 elementor-widget__width-initial elementor-widget-tablet__width-inherit rt-default-class elementor-widget elementor-widget-heading\" data-id=\"9f1c8e2\" data-element_type=\"widget\" data-widget_type=\"heading.default\">\n\t\t\t\t\t<p class=\"elementor-heading-title elementor-size-default\">Crea contenido relevante y personalizado con la ayuda de la inteligencia artificial. <\/p>\t\t\t\t<\/div>\n\t\t\t\t<\/div>\n\t\t\t\t<\/div>\n\t\t\t\t<\/div>\n\t\t\t\t<\/div>\n\t\t","protected":false},"excerpt":{"rendered":"<p>Branding Fortalece tu marca con una identidad visual \u00fanica. UX\/UI Transforma la experiencia de tus usuarios con dise\u00f1os intuitivos y visualmente atractivos. Desarrollo Web Creaci\u00f3n de sitios web auto administrables y personalizados para diversos negocios utilizando WordPress. Influencers Sint\u00e9ticos Conecta con tu audiencia de manera innovadora mediante influencers virtuales. Auditor\u00edas de sitios web Mejora el&#8230;<\/p>\n","protected":false},"author":1,"featured_media":0,"parent":0,"menu_order":0,"comment_status":"closed","ping_status":"closed","template":"elementor_header_footer","meta":{"footnotes":""},"class_list":["post-423","page","type-page","status-publish","hentry"],"_links":{"self":[{"href":"https:\/\/va-sa.com\/index.php\/wp-json\/wp\/v2\/pages\/423","targetHints":{"allow":["GET"]}}],"collection":[{"href":"https:\/\/va-sa.com\/index.php\/wp-json\/wp\/v2\/pages"}],"about":[{"href":"https:\/\/va-sa.com\/index.php\/wp-json\/wp\/v2\/types\/page"}],"author":[{"embeddable":true,"href":"https:\/\/va-sa.com\/index.php\/wp-json\/wp\/v2\/users\/1"}],"replies":[{"embeddable":true,"href":"https:\/\/va-sa.com\/index.php\/wp-json\/wp\/v2\/comments?post=423"}],"version-history":[{"count":11,"href":"https:\/\/va-sa.com\/index.php\/wp-json\/wp\/v2\/pages\/423\/revisions"}],"predecessor-version":[{"id":1203,"href":"https:\/\/va-sa.com\/index.php\/wp-json\/wp\/v2\/pages\/423\/revisions\/1203"}],"wp:attachment":[{"href":"https:\/\/va-sa.com\/index.php\/wp-json\/wp\/v2\/media?parent=423"}],"curies":[{"name":"wp","href":"https:\/\/api.w.org\/{rel}","templated":true}]}}