{"id":431,"date":"2024-08-12T08:29:27","date_gmt":"2024-08-12T08:29:27","guid":{"rendered":"https:\/\/themewant.com\/products\/wordpress\/nathan-dark\/?page_id=431"},"modified":"2025-09-02T23:57:18","modified_gmt":"2025-09-03T02:57:18","slug":"colaboraciones","status":"publish","type":"page","link":"https:\/\/va-sa.com\/index.php\/colaboraciones\/","title":{"rendered":"Colaboraciones"},"content":{"rendered":"\t\t<div data-elementor-type=\"wp-page\" data-elementor-id=\"431\" class=\"elementor elementor-431\">\n\t\t\t\t<div class=\"elementor-element elementor-element-7c0a9b7 e-con-full e-flex rt-default-class e-con e-parent\" data-id=\"7c0a9b7\" data-element_type=\"container\">\n\t\t<div class=\"elementor-element elementor-element-07e8c84 e-con-full e-flex rt-default-class elementor-invisible e-con e-child\" data-id=\"07e8c84\" data-element_type=\"container\" data-settings=\"{&quot;animation&quot;:&quot;fadeInRight&quot;}\">\n\t\t<div class=\"elementor-element elementor-element-e9673cf e-con-full rt-primary-bg e-flex e-con e-child\" data-id=\"e9673cf\" data-element_type=\"container\">\n\t\t\t\t<div class=\"elementor-element elementor-element-019d71d rt-default-class elementor-widget elementor-widget-heading\" data-id=\"019d71d\" data-element_type=\"widget\" data-widget_type=\"heading.default\">\n\t\t\t\t\t<span class=\"elementor-heading-title elementor-size-default\">\u00faltimas Colaboraciones<\/span>\t\t\t\t<\/div>\n\t\t\t\t<div class=\"elementor-element elementor-element-3f9f0ba rt-default-class elementor-widget elementor-widget-heading\" data-id=\"3f9f0ba\" data-element_type=\"widget\" data-widget_type=\"heading.default\">\n\t\t\t\t\t<h2 class=\"elementor-heading-title elementor-size-default\">Tu negocio est\u00e1 listo para crecer.<\/h2>\t\t\t\t<\/div>\n\t\t\t\t<\/div>\n\t\t<div class=\"elementor-element elementor-element-8c761b6 e-con-full e-flex rt-default-class e-con e-child\" data-id=\"8c761b6\" data-element_type=\"container\">\n\t\t\t\t<div class=\"elementor-element elementor-element-4db381f rt-default-class elementor-widget elementor-widget-rt-portfolio-grid\" data-id=\"4db381f\" data-element_type=\"widget\" data-widget_type=\"rt-portfolio-grid.default\">\n\t\t\t\t<div class=\"elementor-widget-container\">\n\t\t\t\t\t\r\n\t<div class=\"rt-portfolio style2 grid-portfolio\">\r\n\t\t<div class=\"grid\">\r\n\t\t\t<div class=\"row\">\r\n\t\t\t\t<div class=\"col-lg-6 col-md-6 col-xs-1 grid-item\">\r\n    <div class=\"portfolio-item overflow-hidden\">\r\n        <div class=\"hover relative overflow-hidden\">  \r\n            <a href=\"https:\/\/va-sa.com\/index.php\/rt-portfolios\/checkout-en-la-app\/\" class=\"overflow-hidden d-block relative \">\r\n                                    <img fetchpriority=\"high\" decoding=\"async\" width=\"898\" height=\"700\" src=\"https:\/\/va-sa.com\/wp-content\/uploads\/2025\/09\/Falabella.com_.png\" class=\"attachment-full size-full wp-post-image\" alt=\"\" srcset=\"https:\/\/va-sa.com\/wp-content\/uploads\/2025\/09\/Falabella.com_.png 898w, https:\/\/va-sa.com\/wp-content\/uploads\/2025\/09\/Falabella.com_-300x234.png 300w, https:\/\/va-sa.com\/wp-content\/uploads\/2025\/09\/Falabella.com_-768x599.png 768w\" sizes=\"(max-width: 898px) 100vw, 898px\" \/>                            <\/a>\r\n            <div class=\"p-4 d-flex justify-content-between align-items-center\" >\r\n                <div >\r\n                                            <h3 class=\"item-title\">Checkout App Falabella.com<\/h3>\r\n                    \t\r\n                    <span class=\"item-cat\">App, Dise\u00f1o de sitios web personalizados<\/span>\r\n                <\/div>\r\n                <div class=\"item-date\">2019<\/div>\r\n            <\/div>\r\n        <\/div>\r\n    <\/div>\r\n<\/div><div class=\"col-lg-6 col-md-6 col-xs-1 grid-item\">\r\n    <div class=\"portfolio-item overflow-hidden\">\r\n        <div class=\"hover relative overflow-hidden\">  \r\n            <a href=\"https:\/\/va-sa.com\/index.php\/rt-portfolios\/honda\/\" class=\"overflow-hidden d-block relative \">\r\n                                    <img decoding=\"async\" width=\"898\" height=\"700\" src=\"https:\/\/va-sa.com\/wp-content\/uploads\/2024\/08\/Cursor-2017.png\" class=\"attachment-full size-full wp-post-image\" alt=\"\" srcset=\"https:\/\/va-sa.com\/wp-content\/uploads\/2024\/08\/Cursor-2017.png 898w, https:\/\/va-sa.com\/wp-content\/uploads\/2024\/08\/Cursor-2017-300x234.png 300w, https:\/\/va-sa.com\/wp-content\/uploads\/2024\/08\/Cursor-2017-768x599.png 768w\" sizes=\"(max-width: 898px) 100vw, 898px\" \/>                            <\/a>\r\n            <div class=\"p-4 d-flex justify-content-between align-items-center\" >\r\n                <div >\r\n                                            <h3 class=\"item-title\">Cursor Chile: Proyectos Mobile<\/h3>\r\n                    \t\r\n                    <span class=\"item-cat\">App, Mockups<\/span>\r\n                <\/div>\r\n                <div class=\"item-date\">2016 - 2018<\/div>\r\n            <\/div>\r\n        <\/div>\r\n    <\/div>\r\n<\/div>\t\t\t<\/div>\r\n\t\t<\/div>\r\n\t<\/div>\r\n\r\n\t\t\t\t\t<\/div>\n\t\t\t\t<\/div>\n\t\t\t\t<\/div>\n\t\t\t\t<\/div>\n\t\t<div class=\"elementor-element elementor-element-86e9120 e-con-full e-flex rt-default-class e-con e-child\" data-id=\"86e9120\" data-element_type=\"container\">\n\t\t\t\t<div class=\"elementor-element elementor-element-5ce8994 rt-default-class elementor-widget elementor-widget-rt-portfolio-grid\" data-id=\"5ce8994\" data-element_type=\"widget\" data-widget_type=\"rt-portfolio-grid.default\">\n\t\t\t\t<div class=\"elementor-widget-container\">\n\t\t\t\t\t\r\n\t<div class=\"rt-portfolio style2 grid-portfolio\">\r\n\t\t<div class=\"grid\">\r\n\t\t\t<div class=\"row\">\r\n\t\t\t\t<div class=\"col-lg-4 col-md-6 col-xs-1 grid-item\">\r\n    <div class=\"portfolio-item overflow-hidden\">\r\n        <div class=\"hover relative overflow-hidden\">  \r\n            <a href=\"https:\/\/va-sa.com\/index.php\/rt-portfolios\/growth-hacking\/\" class=\"overflow-hidden d-block relative \">\r\n                                    <img decoding=\"async\" width=\"898\" height=\"700\" src=\"https:\/\/va-sa.com\/wp-content\/uploads\/2024\/08\/tdk.png\" class=\"attachment-full size-full wp-post-image\" alt=\"\" srcset=\"https:\/\/va-sa.com\/wp-content\/uploads\/2024\/08\/tdk.png 898w, https:\/\/va-sa.com\/wp-content\/uploads\/2024\/08\/tdk-300x234.png 300w, https:\/\/va-sa.com\/wp-content\/uploads\/2024\/08\/tdk-768x599.png 768w\" sizes=\"(max-width: 898px) 100vw, 898px\" \/>                            <\/a>\r\n            <div class=\"p-4 d-flex justify-content-between align-items-center\" >\r\n                <div >\r\n                                            <h3 class=\"item-title\">Consultor\u00eda para Transbank<\/h3>\r\n                    \t\r\n                    <span class=\"item-cat\">Banca, Optimizaci\u00f3n de sitios web, Web<\/span>\r\n                <\/div>\r\n                <div class=\"item-date\">2022<\/div>\r\n            <\/div>\r\n        <\/div>\r\n    <\/div>\r\n<\/div><div class=\"col-lg-4 col-md-6 col-xs-1 grid-item\">\r\n    <div class=\"portfolio-item overflow-hidden\">\r\n        <div class=\"hover relative overflow-hidden\">  \r\n            <a href=\"https:\/\/va-sa.com\/index.php\/rt-portfolios\/scotiabank-2019\/\" class=\"overflow-hidden d-block relative \">\r\n                                    <img loading=\"lazy\" decoding=\"async\" width=\"898\" height=\"700\" src=\"https:\/\/va-sa.com\/wp-content\/uploads\/2024\/08\/Scotiabank-UX-TEAM.png\" class=\"attachment-full size-full wp-post-image\" alt=\"\" srcset=\"https:\/\/va-sa.com\/wp-content\/uploads\/2024\/08\/Scotiabank-UX-TEAM.png 898w, https:\/\/va-sa.com\/wp-content\/uploads\/2024\/08\/Scotiabank-UX-TEAM-300x234.png 300w, https:\/\/va-sa.com\/wp-content\/uploads\/2024\/08\/Scotiabank-UX-TEAM-768x599.png 768w\" sizes=\"(max-width: 898px) 100vw, 898px\" \/>                            <\/a>\r\n            <div class=\"p-4 d-flex justify-content-between align-items-center\" >\r\n                <div >\r\n                                            <h3 class=\"item-title\">F\u00e1brica Digital de Scotiabank<\/h3>\r\n                    \t\r\n                    <span class=\"item-cat\">Dise\u00f1o de sitios web personalizados, Optimizaci\u00f3n de sitios web, Web<\/span>\r\n                <\/div>\r\n                <div class=\"item-date\">2019<\/div>\r\n            <\/div>\r\n        <\/div>\r\n    <\/div>\r\n<\/div><div class=\"col-lg-4 col-md-6 col-xs-1 grid-item\">\r\n    <div class=\"portfolio-item overflow-hidden\">\r\n        <div class=\"hover relative overflow-hidden\">  \r\n            <a href=\"https:\/\/va-sa.com\/index.php\/rt-portfolios\/adidas\/\" class=\"overflow-hidden d-block relative \">\r\n                                    <img loading=\"lazy\" decoding=\"async\" width=\"898\" height=\"700\" src=\"https:\/\/va-sa.com\/wp-content\/uploads\/2024\/08\/Falabella-Retail-CX.png\" class=\"attachment-full size-full wp-post-image\" alt=\"\" srcset=\"https:\/\/va-sa.com\/wp-content\/uploads\/2024\/08\/Falabella-Retail-CX.png 898w, https:\/\/va-sa.com\/wp-content\/uploads\/2024\/08\/Falabella-Retail-CX-300x234.png 300w, https:\/\/va-sa.com\/wp-content\/uploads\/2024\/08\/Falabella-Retail-CX-768x599.png 768w\" sizes=\"(max-width: 898px) 100vw, 898px\" \/>                            <\/a>\r\n            <div class=\"p-4 d-flex justify-content-between align-items-center\" >\r\n                <div >\r\n                                            <h3 class=\"item-title\">Secci\u00f3n en Tienda Falabella Retail<\/h3>\r\n                    \t\r\n                    <span class=\"item-cat\">App<\/span>\r\n                <\/div>\r\n                <div class=\"item-date\">2023<\/div>\r\n            <\/div>\r\n        <\/div>\r\n    <\/div>\r\n<\/div><div class=\"col-lg-4 col-md-6 col-xs-1 grid-item\">\r\n    <div class=\"portfolio-item overflow-hidden\">\r\n        <div class=\"hover relative overflow-hidden\">  \r\n            <a href=\"https:\/\/va-sa.com\/index.php\/rt-portfolios\/scotiabank-area-de-seguros\/\" class=\"overflow-hidden d-block relative \">\r\n                                    <img loading=\"lazy\" decoding=\"async\" width=\"898\" height=\"700\" src=\"https:\/\/va-sa.com\/wp-content\/uploads\/2025\/08\/Scotiabank-SEGUROS.png\" class=\"attachment-full size-full wp-post-image\" alt=\"\" srcset=\"https:\/\/va-sa.com\/wp-content\/uploads\/2025\/08\/Scotiabank-SEGUROS.png 898w, https:\/\/va-sa.com\/wp-content\/uploads\/2025\/08\/Scotiabank-SEGUROS-300x234.png 300w, https:\/\/va-sa.com\/wp-content\/uploads\/2025\/08\/Scotiabank-SEGUROS-768x599.png 768w\" sizes=\"(max-width: 898px) 100vw, 898px\" \/>                            <\/a>\r\n            <div class=\"p-4 d-flex justify-content-between align-items-center\" >\r\n                <div >\r\n                                            <h3 class=\"item-title\">Scotiabank \u00c1rea de Seguros<\/h3>\r\n                    \t\r\n                    <span class=\"item-cat\">Banca, Optimizaci\u00f3n de sitios web, Web<\/span>\r\n                <\/div>\r\n                <div class=\"item-date\">2023<\/div>\r\n            <\/div>\r\n        <\/div>\r\n    <\/div>\r\n<\/div>\t\t\t<\/div>\r\n\t\t<\/div>\r\n\t<\/div>\r\n\r\n\t\t\t\t\t<\/div>\n\t\t\t\t<\/div>\n\t\t\t\t<\/div>\n\t\t\t\t<\/div>\n\t\t\t\t<\/div>\n\t\t","protected":false},"excerpt":{"rendered":"<p>\u00faltimas Colaboraciones Tu negocio est\u00e1 listo para crecer. Checkout App Falabella.com App, Dise\u00f1o de sitios web personalizados 2019 Cursor Chile: Proyectos Mobile App, Mockups 2016 &#8211; 2018 Consultor\u00eda para Transbank Banca, Optimizaci\u00f3n de sitios web, Web 2022 F\u00e1brica Digital de Scotiabank Dise\u00f1o de sitios web personalizados, Optimizaci\u00f3n de sitios web, Web 2019 Secci\u00f3n en Tienda&#8230;<\/p>\n","protected":false},"author":1,"featured_media":0,"parent":0,"menu_order":0,"comment_status":"closed","ping_status":"closed","template":"elementor_header_footer","meta":{"footnotes":""},"class_list":["post-431","page","type-page","status-publish","hentry"],"_links":{"self":[{"href":"https:\/\/va-sa.com\/index.php\/wp-json\/wp\/v2\/pages\/431","targetHints":{"allow":["GET"]}}],"collection":[{"href":"https:\/\/va-sa.com\/index.php\/wp-json\/wp\/v2\/pages"}],"about":[{"href":"https:\/\/va-sa.com\/index.php\/wp-json\/wp\/v2\/types\/page"}],"author":[{"embeddable":true,"href":"https:\/\/va-sa.com\/index.php\/wp-json\/wp\/v2\/users\/1"}],"replies":[{"embeddable":true,"href":"https:\/\/va-sa.com\/index.php\/wp-json\/wp\/v2\/comments?post=431"}],"version-history":[{"count":8,"href":"https:\/\/va-sa.com\/index.php\/wp-json\/wp\/v2\/pages\/431\/revisions"}],"predecessor-version":[{"id":1198,"href":"https:\/\/va-sa.com\/index.php\/wp-json\/wp\/v2\/pages\/431\/revisions\/1198"}],"wp:attachment":[{"href":"https:\/\/va-sa.com\/index.php\/wp-json\/wp\/v2\/media?parent=431"}],"curies":[{"name":"wp","href":"https:\/\/api.w.org\/{rel}","templated":true}]}}